{"id":158,"date":"2023-07-23T15:06:03","date_gmt":"2023-07-23T13:06:03","guid":{"rendered":"http:\/\/localhost:10041\/?page_id=158"},"modified":"2023-07-28T15:34:10","modified_gmt":"2023-07-28T13:34:10","slug":"contacto","status":"publish","type":"page","link":"https:\/\/comfortcenter.com.es\/en\/contacto\/","title":{"rendered":"Contacto"},"content":{"rendered":"<div data-elementor-type=\"wp-page\" data-elementor-id=\"158\" class=\"elementor elementor-158\" data-elementor-post-type=\"page\">\n\t\t\t\t<div class=\"elementor-element elementor-element-f097325 e-con-full e-flex e-con e-parent\" data-id=\"f097325\" data-element_type=\"container\">\n\t\t\t\t<div class=\"elementor-element elementor-element-5624eb5 elementor-widget elementor-widget-google_maps\" data-id=\"5624eb5\" data-element_type=\"widget\" data-settings=\"{&quot;ekit_we_effect_on&quot;:&quot;none&quot;}\" data-widget_type=\"google_maps.default\">\n\t\t\t\t<div class=\"elementor-widget-container\">\n\t\t\t\t\t\t\t<div class=\"elementor-custom-embed\">\n\t\t\t<iframe loading=\"lazy\"\n\t\t\t\t\tsrc=\"https:\/\/maps.google.com\/maps?q=C%2F%20Juan%20Manuel%20Dur%C3%A1n%2C44%2C%20Las%20Palmas%20de%20Gran%20Canaria%2C%20Spain%2C%2035010&#038;t=m&#038;z=17&#038;output=embed&#038;iwloc=near\"\n\t\t\t\t\ttitle=\"C\/ Juan Manuel Dur\u00e1n,44, Las Palmas de Gran Canaria, Spain, 35010\"\n\t\t\t\t\taria-label=\"C\/ Juan Manuel Dur\u00e1n,44, Las Palmas de Gran Canaria, Spain, 35010\"\n\t\t\t><\/iframe>\n\t\t<\/div>\n\t\t\t\t\t\t<\/div>\n\t\t\t\t<\/div>\n\t\t\t\t<\/div>\n\t\t<div class=\"elementor-element elementor-element-a4931e1 e-flex e-con-boxed e-con e-parent\" data-id=\"a4931e1\" data-element_type=\"container\">\n\t\t\t\t\t<div class=\"e-con-inner\">\n\t\t\t\t<div class=\"elementor-element elementor-element-af36a77 elementor-widget__width-auto elementor-widget elementor-widget-heading\" data-id=\"af36a77\" data-element_type=\"widget\" data-settings=\"{&quot;ekit_we_effect_on&quot;:&quot;none&quot;}\" data-widget_type=\"heading.default\">\n\t\t\t\t<div class=\"elementor-widget-container\">\n\t\t\t\t\t<h5 class=\"elementor-heading-title elementor-size-default\">\u00a1Cont\u00e1ctenos para brindarle el m\u00e1ximo confort en su hogar!<\/h5>\t\t\t\t<\/div>\n\t\t\t\t<\/div>\n\t\t\t\t<div class=\"elementor-element elementor-element-4493643 elementor-widget elementor-widget-text-editor\" data-id=\"4493643\" data-element_type=\"widget\" data-settings=\"{&quot;ekit_we_effect_on&quot;:&quot;none&quot;}\" data-widget_type=\"text-editor.default\">\n\t\t\t\t<div class=\"elementor-widget-container\">\n\t\t\t\t\t\t\t\t\t<p>Completa el formulario de contacto a continuaci\u00f3n y d\u00e9janos saber qu\u00e9 podemos hacer por ti. Si tienes alguna pregunta sobre nuestros muebles, electrodom\u00e9sticos o colchones, no dudes en escribirnos. Nuestro equipo de expertos estar\u00e1 encantado de ayudarte en cada paso del proceso.<\/p>\t\t\t\t\t\t\t\t<\/div>\n\t\t\t\t<\/div>\n\t\t\t\t\t<\/div>\n\t\t\t\t<\/div>\n\t\t<div class=\"elementor-element elementor-element-045331e e-con-full e-flex e-con e-parent\" data-id=\"045331e\" data-element_type=\"container\">\n\t\t<div class=\"elementor-element elementor-element-233ac2e e-con-full e-flex e-con e-parent\" data-id=\"233ac2e\" data-element_type=\"container\">\n\t\t<div class=\"elementor-element elementor-element-adbe908 e-flex e-con-boxed e-con e-parent\" data-id=\"adbe908\" data-element_type=\"container\">\n\t\t\t\t\t<div class=\"e-con-inner\">\n\t\t\t\t<div class=\"elementor-element elementor-element-912dd9d elementor-widget__width-auto elementor-widget elementor-widget-heading\" data-id=\"912dd9d\" data-element_type=\"widget\" data-settings=\"{&quot;ekit_we_effect_on&quot;:&quot;none&quot;}\" data-widget_type=\"heading.default\">\n\t\t\t\t<div class=\"elementor-widget-container\">\n\t\t\t\t\t<h5 class=\"elementor-heading-title elementor-size-default\">Formulario de Contacto<\/h5>\t\t\t\t<\/div>\n\t\t\t\t<\/div>\n\t\t\t\t<div class=\"elementor-element elementor-element-0ad50fb elementor-button-align-end elementor-widget elementor-widget-form\" data-id=\"0ad50fb\" data-element_type=\"widget\" data-settings=\"{&quot;step_next_label&quot;:&quot;Next&quot;,&quot;step_previous_label&quot;:&quot;Previous&quot;,&quot;button_width&quot;:&quot;100&quot;,&quot;step_type&quot;:&quot;number_text&quot;,&quot;step_icon_shape&quot;:&quot;circle&quot;,&quot;ekit_we_effect_on&quot;:&quot;none&quot;}\" data-widget_type=\"form.default\">\n\t\t\t\t<div class=\"elementor-widget-container\">\n\t\t\t\t\t\t\t<form class=\"elementor-form\" method=\"post\" name=\"New Form\" action=\"\">\r\n\t\t\t<input type=\"hidden\" name=\"post_id\" value=\"158\"\/>\r\n\t\t\t<input type=\"hidden\" name=\"form_id\" value=\"0ad50fb\"\/>\r\n\t\t\t<input type=\"hidden\" name=\"referer_title\" value=\"Confort Center | En su hogar y cerca de usted\" \/>\r\n\r\n\t\t\t\r\n\t\t\t<div class=\"elementor-form-fields-wrapper elementor-labels-\">\r\n\t\t\t\t\t\t\t\t<div class=\"elementor-field-type-text elementor-field-group elementor-column elementor-field-group-name elementor-col-50\">\r\n\t\t\t\t\t\t\t\t\t\t\t\t<label for=\"form-field-name\" class=\"elementor-field-label elementor-screen-only\">\r\n\t\t\t\t\t\t\t\tName\t\t\t\t\t\t\t<\/label>\r\n\t\t\t\t\t\t\t\t\t\t\t\t\t\t<input size=\"1\" type=\"text\" name=\"form_fields[name]\" id=\"form-field-name\" class=\"elementor-field elementor-size-sm  elementor-field-textual\" placeholder=\"Nombre\">\r\n\t\t\t\t\t\t\t\t\t\t\t<\/div>\r\n\t\t\t\t\t\t\t\t<div class=\"elementor-field-type-email elementor-field-group elementor-column elementor-field-group-field_12599fb elementor-col-50\">\r\n\t\t\t\t\t\t\t\t\t\t\t\t<label for=\"form-field-field_12599fb\" class=\"elementor-field-label elementor-screen-only\">\r\n\t\t\t\t\t\t\t\tEmail\t\t\t\t\t\t\t<\/label>\r\n\t\t\t\t\t\t\t\t\t\t\t\t\t\t<input size=\"1\" type=\"email\" name=\"form_fields[field_12599fb]\" id=\"form-field-field_12599fb\" class=\"elementor-field elementor-size-sm  elementor-field-textual\" placeholder=\"Email\">\r\n\t\t\t\t\t\t\t\t\t\t\t<\/div>\r\n\t\t\t\t\t\t\t\t<div class=\"elementor-field-type-text elementor-field-group elementor-column elementor-field-group-email elementor-col-100 elementor-field-required\">\r\n\t\t\t\t\t\t\t\t\t\t\t\t<label for=\"form-field-email\" class=\"elementor-field-label elementor-screen-only\">\r\n\t\t\t\t\t\t\t\tAsunto\t\t\t\t\t\t\t<\/label>\r\n\t\t\t\t\t\t\t\t\t\t\t\t\t\t<input size=\"1\" type=\"text\" name=\"form_fields[email]\" id=\"form-field-email\" class=\"elementor-field elementor-size-sm  elementor-field-textual\" placeholder=\"Asunto\" required=\"required\" aria-required=\"true\">\r\n\t\t\t\t\t\t\t\t\t\t\t<\/div>\r\n\t\t\t\t\t\t\t\t<div class=\"elementor-field-type-textarea elementor-field-group elementor-column elementor-field-group-message elementor-col-100\">\r\n\t\t\t\t\t\t\t\t\t\t\t\t<label for=\"form-field-message\" class=\"elementor-field-label elementor-screen-only\">\r\n\t\t\t\t\t\t\t\tMensaje\t\t\t\t\t\t\t<\/label>\r\n\t\t\t\t\t\t<textarea class=\"elementor-field-textual elementor-field  elementor-size-sm\" name=\"form_fields[message]\" id=\"form-field-message\" rows=\"4\" placeholder=\"Mensaje\"><\/textarea>\t\t\t\t<\/div>\r\n\t\t\t\t\t\t\t\t<div class=\"elementor-field-type-text\">\r\n\t\t\t\t\t<input size=\"1\" type=\"text\" name=\"form_fields[field_b2d99cc]\" id=\"form-field-field_b2d99cc\" class=\"elementor-field elementor-size-sm\" style=\"display:none !important;\">\t\t\t\t<\/div>\r\n\t\t\t\t\t\t\t\t<div class=\"elementor-field-group elementor-column elementor-field-type-submit elementor-col-100 e-form__buttons\">\r\n\t\t\t\t\t<button type=\"submit\" class=\"elementor-button elementor-size-sm\">\r\n\t\t\t\t\t\t<span >\r\n\t\t\t\t\t\t\t\t\t\t\t\t\t\t\t<span class=\"elementor-button-icon\">\r\n\t\t\t\t\t\t\t\t\t\t\t\t\t\t\t\t\t\t\t\t\t\t\t\t\t\t<\/span>\r\n\t\t\t\t\t\t\t\t\t\t\t\t\t\t\t\t\t\t\t\t\t\t<span class=\"elementor-button-text\">enviar<\/span>\r\n\t\t\t\t\t\t\t\t\t\t\t\t\t<\/span>\r\n\t\t\t\t\t<\/button>\r\n\t\t\t\t<\/div>\r\n\t\t\t<\/div>\r\n\t\t<input type=\"hidden\" name=\"trp-form-language\" value=\"en\"\/><\/form>\r\n\t\t\t\t\t\t<\/div>\n\t\t\t\t<\/div>\n\t\t\t\t\t<\/div>\n\t\t\t\t<\/div>\n\t\t\t\t<\/div>\n\t\t<div class=\"elementor-element elementor-element-c251e88 e-con-full e-flex e-con e-parent\" data-id=\"c251e88\" data-element_type=\"container\" data-settings=\"{&quot;background_background&quot;:&quot;classic&quot;}\">\n\t\t<div class=\"elementor-element elementor-element-46bd3d3 e-flex e-con-boxed e-con e-parent\" data-id=\"46bd3d3\" data-element_type=\"container\">\n\t\t\t\t\t<div class=\"e-con-inner\">\n\t\t\t\t<div class=\"elementor-element elementor-element-a30bf16 elementor-view-default elementor-position-top elementor-mobile-position-top elementor-widget elementor-widget-icon-box\" data-id=\"a30bf16\" data-element_type=\"widget\" data-settings=\"{&quot;ekit_we_effect_on&quot;:&quot;none&quot;}\" data-widget_type=\"icon-box.default\">\n\t\t\t\t<div class=\"elementor-widget-container\">\n\t\t\t\t\t\t\t<div class=\"elementor-icon-box-wrapper\">\n\n\t\t\t\t\t\t<div class=\"elementor-icon-box-icon\">\n\t\t\t\t<span  class=\"elementor-icon\">\n\t\t\t\t<i aria-hidden=\"true\" class=\"icon icon-home\"><\/i>\t\t\t\t<\/span>\n\t\t\t<\/div>\n\t\t\t\n\t\t\t\t\t\t<div class=\"elementor-icon-box-content\">\n\n\t\t\t\t\t\t\t\t\t<h6 class=\"elementor-icon-box-title\">\n\t\t\t\t\t\t<span  >\n\t\t\t\t\t\t\tDirecci\u00f3n\t\t\t\t\t\t<\/span>\n\t\t\t\t\t<\/h6>\n\t\t\t\t\n\t\t\t\t\t\t\t\t\t<p class=\"elementor-icon-box-description\">\n\t\t\t\t\t\tC\/ Juan Manuel Dur\u00e1n,44, Las Palmas de Gran Canaria, Spain, 35010\t\t\t\t\t<\/p>\n\t\t\t\t\n\t\t\t<\/div>\n\t\t\t\n\t\t<\/div>\n\t\t\t\t\t\t<\/div>\n\t\t\t\t<\/div>\n\t\t\t\t\t<\/div>\n\t\t\t\t<\/div>\n\t\t<div class=\"elementor-element elementor-element-6992749 e-flex e-con-boxed e-con e-parent\" data-id=\"6992749\" data-element_type=\"container\">\n\t\t\t\t\t<div class=\"e-con-inner\">\n\t\t\t\t<div class=\"elementor-element elementor-element-23e979c elementor-view-default elementor-position-top elementor-mobile-position-top elementor-widget elementor-widget-icon-box\" data-id=\"23e979c\" data-element_type=\"widget\" data-settings=\"{&quot;ekit_we_effect_on&quot;:&quot;none&quot;}\" data-widget_type=\"icon-box.default\">\n\t\t\t\t<div class=\"elementor-widget-container\">\n\t\t\t\t\t\t\t<div class=\"elementor-icon-box-wrapper\">\n\n\t\t\t\t\t\t<div class=\"elementor-icon-box-icon\">\n\t\t\t\t<span  class=\"elementor-icon\">\n\t\t\t\t<i aria-hidden=\"true\" class=\"icon icon-phone-handset\"><\/i>\t\t\t\t<\/span>\n\t\t\t<\/div>\n\t\t\t\n\t\t\t\t\t\t<div class=\"elementor-icon-box-content\">\n\n\t\t\t\t\t\t\t\t\t<h3 class=\"elementor-icon-box-title\">\n\t\t\t\t\t\t<span  >\n\t\t\t\t\t\t\tTel\u00e9fono\t\t\t\t\t\t<\/span>\n\t\t\t\t\t<\/h3>\n\t\t\t\t\n\t\t\t\t\t\t\t\t\t<p class=\"elementor-icon-box-description\">\n\t\t\t\t\t\t+34 928 31 59 63\t\t\t\t\t<\/p>\n\t\t\t\t\n\t\t\t<\/div>\n\t\t\t\n\t\t<\/div>\n\t\t\t\t\t\t<\/div>\n\t\t\t\t<\/div>\n\t\t\t\t\t<\/div>\n\t\t\t\t<\/div>\n\t\t<div class=\"elementor-element elementor-element-2a889b2 e-flex e-con-boxed e-con e-parent\" data-id=\"2a889b2\" data-element_type=\"container\">\n\t\t\t\t\t<div class=\"e-con-inner\">\n\t\t\t\t<div class=\"elementor-element elementor-element-ba8fefb elementor-view-default elementor-position-top elementor-mobile-position-top elementor-widget elementor-widget-icon-box\" data-id=\"ba8fefb\" data-element_type=\"widget\" data-settings=\"{&quot;ekit_we_effect_on&quot;:&quot;none&quot;}\" data-widget_type=\"icon-box.default\">\n\t\t\t\t<div class=\"elementor-widget-container\">\n\t\t\t\t\t\t\t<div class=\"elementor-icon-box-wrapper\">\n\n\t\t\t\t\t\t<div class=\"elementor-icon-box-icon\">\n\t\t\t\t<span  class=\"elementor-icon\">\n\t\t\t\t<i aria-hidden=\"true\" class=\"icon icon-envelope1\"><\/i>\t\t\t\t<\/span>\n\t\t\t<\/div>\n\t\t\t\n\t\t\t\t\t\t<div class=\"elementor-icon-box-content\">\n\n\t\t\t\t\t\t\t\t\t<h3 class=\"elementor-icon-box-title\">\n\t\t\t\t\t\t<span  >\n\t\t\t\t\t\t\tDirecci\u00f3n\t\t\t\t\t\t<\/span>\n\t\t\t\t\t<\/h3>\n\t\t\t\t\n\t\t\t\t\t\t\t\t\t<p class=\"elementor-icon-box-description\">\n\t\t\t\t\t\tinfo@comfortcenter.es\t\t\t\t\t<\/p>\n\t\t\t\t\n\t\t\t<\/div>\n\t\t\t\n\t\t<\/div>\n\t\t\t\t\t\t<\/div>\n\t\t\t\t<\/div>\n\t\t\t\t\t<\/div>\n\t\t\t\t<\/div>\n\t\t\t\t<\/div>\n\t\t\t\t<\/div>\n\t\t\t\t<\/div>","protected":false},"excerpt":{"rendered":"<p>\u00a1Cont\u00e1ctenos para brindarle el m\u00e1ximo confort en su hogar! Completa el formulario de contacto a continuaci\u00f3n y d\u00e9janos saber qu\u00e9 podemos hacer por ti. Si tienes alguna pregunta sobre nuestros muebles, electrodom\u00e9sticos o colchones, no dudes en escribirnos. Nuestro equipo de expertos estar\u00e1 encantado de ayudarte en cada paso del proceso. Formulario de Contacto Direcci\u00f3n [&hellip;]<\/p>","protected":false},"author":1,"featured_media":0,"parent":0,"menu_order":0,"comment_status":"closed","ping_status":"closed","template":"","meta":{"footnotes":""},"class_list":["post-158","page","type-page","status-publish","hentry"],"yoast_head":"<!-- This site is optimized with the Yoast SEO plugin v26.6 - https:\/\/yoast.com\/wordpress\/plugins\/seo\/ -->\n<title>Contacto - Confort Center | En su hogar y cerca de usted<\/title>\n<meta name=\"robots\" content=\"index, follow, max-snippet:-1, max-image-preview:large, max-video-preview:-1\" \/>\n<link rel=\"canonical\" href=\"https:\/\/comfortcenter.com.es\/en\/contacto\/\" \/>\n<meta property=\"og:locale\" content=\"en_US\" \/>\n<meta property=\"og:type\" content=\"article\" \/>\n<meta property=\"og:title\" content=\"Contacto - Confort Center | En su hogar y cerca de usted\" \/>\n<meta property=\"og:description\" content=\"\u00a1Cont\u00e1ctenos para brindarle el m\u00e1ximo confort en su hogar! Completa el formulario de contacto a continuaci\u00f3n y d\u00e9janos saber qu\u00e9 podemos hacer por ti. Si tienes alguna pregunta sobre nuestros muebles, electrodom\u00e9sticos o colchones, no dudes en escribirnos. Nuestro equipo de expertos estar\u00e1 encantado de ayudarte en cada paso del proceso. Formulario de Contacto Direcci\u00f3n [&hellip;]\" \/>\n<meta property=\"og:url\" content=\"https:\/\/comfortcenter.com.es\/en\/contacto\/\" \/>\n<meta property=\"og:site_name\" content=\"Confort Center | En su hogar y cerca de usted\" \/>\n<meta property=\"article:modified_time\" content=\"2023-07-28T13:34:10+00:00\" \/>\n<meta name=\"twitter:card\" content=\"summary_large_image\" \/>\n<script type=\"application\/ld+json\" class=\"yoast-schema-graph\">{\"@context\":\"https:\/\/schema.org\",\"@graph\":[{\"@type\":\"WebPage\",\"@id\":\"https:\/\/comfortcenter.com.es\/contacto\/\",\"url\":\"https:\/\/comfortcenter.com.es\/contacto\/\",\"name\":\"Contacto - Confort Center | En su hogar y cerca de usted\",\"isPartOf\":{\"@id\":\"https:\/\/comfortcenter.com.es\/#website\"},\"datePublished\":\"2023-07-23T13:06:03+00:00\",\"dateModified\":\"2023-07-28T13:34:10+00:00\",\"breadcrumb\":{\"@id\":\"https:\/\/comfortcenter.com.es\/contacto\/#breadcrumb\"},\"inLanguage\":\"en-US\",\"potentialAction\":[{\"@type\":\"ReadAction\",\"target\":[\"https:\/\/comfortcenter.com.es\/contacto\/\"]}]},{\"@type\":\"BreadcrumbList\",\"@id\":\"https:\/\/comfortcenter.com.es\/contacto\/#breadcrumb\",\"itemListElement\":[{\"@type\":\"ListItem\",\"position\":1,\"name\":\"Portada\",\"item\":\"https:\/\/comfortcenter.com.es\/\"},{\"@type\":\"ListItem\",\"position\":2,\"name\":\"Contacto\"}]},{\"@type\":\"WebSite\",\"@id\":\"https:\/\/comfortcenter.com.es\/#website\",\"url\":\"https:\/\/comfortcenter.com.es\/\",\"name\":\"Confort Center | En su hogar y cerca de usted\",\"description\":\"En su hogar y cerca de usted\",\"publisher\":{\"@id\":\"https:\/\/comfortcenter.com.es\/#organization\"},\"potentialAction\":[{\"@type\":\"SearchAction\",\"target\":{\"@type\":\"EntryPoint\",\"urlTemplate\":\"https:\/\/comfortcenter.com.es\/?s={search_term_string}\"},\"query-input\":{\"@type\":\"PropertyValueSpecification\",\"valueRequired\":true,\"valueName\":\"search_term_string\"}}],\"inLanguage\":\"en-US\"},{\"@type\":\"Organization\",\"@id\":\"https:\/\/comfortcenter.com.es\/#organization\",\"name\":\"Confort Center | En su hogar y cerca de usted\",\"url\":\"https:\/\/comfortcenter.com.es\/\",\"logo\":{\"@type\":\"ImageObject\",\"inLanguage\":\"en-US\",\"@id\":\"https:\/\/comfortcenter.com.es\/#\/schema\/logo\/image\/\",\"url\":\"https:\/\/comfortcenter.com.es\/wp-content\/uploads\/2023\/07\/logo-confort-center-web_1.svg\",\"contentUrl\":\"https:\/\/comfortcenter.com.es\/wp-content\/uploads\/2023\/07\/logo-confort-center-web_1.svg\",\"width\":500,\"height\":151,\"caption\":\"Confort Center | En su hogar y cerca de usted\"},\"image\":{\"@id\":\"https:\/\/comfortcenter.com.es\/#\/schema\/logo\/image\/\"},\"sameAs\":[\"https:\/\/www.linkedin.com\/company\/96459205\"]}]}<\/script>\n<!-- \/ Yoast SEO plugin. -->","yoast_head_json":{"title":"Contacto - Confort Center | En su hogar y cerca de usted","robots":{"index":"index","follow":"follow","max-snippet":"max-snippet:-1","max-image-preview":"max-image-preview:large","max-video-preview":"max-video-preview:-1"},"canonical":"https:\/\/comfortcenter.com.es\/en\/contacto\/","og_locale":"en_US","og_type":"article","og_title":"Contacto - Confort Center | En su hogar y cerca de usted","og_description":"\u00a1Cont\u00e1ctenos para brindarle el m\u00e1ximo confort en su hogar! Completa el formulario de contacto a continuaci\u00f3n y d\u00e9janos saber qu\u00e9 podemos hacer por ti. Si tienes alguna pregunta sobre nuestros muebles, electrodom\u00e9sticos o colchones, no dudes en escribirnos. Nuestro equipo de expertos estar\u00e1 encantado de ayudarte en cada paso del proceso. Formulario de Contacto Direcci\u00f3n [&hellip;]","og_url":"https:\/\/comfortcenter.com.es\/en\/contacto\/","og_site_name":"Confort Center | En su hogar y cerca de usted","article_modified_time":"2023-07-28T13:34:10+00:00","twitter_card":"summary_large_image","schema":{"@context":"https:\/\/schema.org","@graph":[{"@type":"WebPage","@id":"https:\/\/comfortcenter.com.es\/contacto\/","url":"https:\/\/comfortcenter.com.es\/contacto\/","name":"Contacto - Confort Center | En su hogar y cerca de usted","isPartOf":{"@id":"https:\/\/comfortcenter.com.es\/#website"},"datePublished":"2023-07-23T13:06:03+00:00","dateModified":"2023-07-28T13:34:10+00:00","breadcrumb":{"@id":"https:\/\/comfortcenter.com.es\/contacto\/#breadcrumb"},"inLanguage":"en-US","potentialAction":[{"@type":"ReadAction","target":["https:\/\/comfortcenter.com.es\/contacto\/"]}]},{"@type":"BreadcrumbList","@id":"https:\/\/comfortcenter.com.es\/contacto\/#breadcrumb","itemListElement":[{"@type":"ListItem","position":1,"name":"Portada","item":"https:\/\/comfortcenter.com.es\/"},{"@type":"ListItem","position":2,"name":"Contacto"}]},{"@type":"WebSite","@id":"https:\/\/comfortcenter.com.es\/#website","url":"https:\/\/comfortcenter.com.es\/","name":"Confort Center | En su hogar y cerca de usted","description":"En su hogar y cerca de usted","publisher":{"@id":"https:\/\/comfortcenter.com.es\/#organization"},"potentialAction":[{"@type":"SearchAction","target":{"@type":"EntryPoint","urlTemplate":"https:\/\/comfortcenter.com.es\/?s={search_term_string}"},"query-input":{"@type":"PropertyValueSpecification","valueRequired":true,"valueName":"search_term_string"}}],"inLanguage":"en-US"},{"@type":"Organization","@id":"https:\/\/comfortcenter.com.es\/#organization","name":"Confort Center | En su hogar y cerca de usted","url":"https:\/\/comfortcenter.com.es\/","logo":{"@type":"ImageObject","inLanguage":"en-US","@id":"https:\/\/comfortcenter.com.es\/#\/schema\/logo\/image\/","url":"https:\/\/comfortcenter.com.es\/wp-content\/uploads\/2023\/07\/logo-confort-center-web_1.svg","contentUrl":"https:\/\/comfortcenter.com.es\/wp-content\/uploads\/2023\/07\/logo-confort-center-web_1.svg","width":500,"height":151,"caption":"Confort Center | En su hogar y cerca de usted"},"image":{"@id":"https:\/\/comfortcenter.com.es\/#\/schema\/logo\/image\/"},"sameAs":["https:\/\/www.linkedin.com\/company\/96459205"]}]}},"_links":{"self":[{"href":"https:\/\/comfortcenter.com.es\/en\/wp-json\/wp\/v2\/pages\/158","targetHints":{"allow":["GET"]}}],"collection":[{"href":"https:\/\/comfortcenter.com.es\/en\/wp-json\/wp\/v2\/pages"}],"about":[{"href":"https:\/\/comfortcenter.com.es\/en\/wp-json\/wp\/v2\/types\/page"}],"author":[{"embeddable":true,"href":"https:\/\/comfortcenter.com.es\/en\/wp-json\/wp\/v2\/users\/1"}],"replies":[{"embeddable":true,"href":"https:\/\/comfortcenter.com.es\/en\/wp-json\/wp\/v2\/comments?post=158"}],"version-history":[{"count":5,"href":"https:\/\/comfortcenter.com.es\/en\/wp-json\/wp\/v2\/pages\/158\/revisions"}],"predecessor-version":[{"id":689,"href":"https:\/\/comfortcenter.com.es\/en\/wp-json\/wp\/v2\/pages\/158\/revisions\/689"}],"wp:attachment":[{"href":"https:\/\/comfortcenter.com.es\/en\/wp-json\/wp\/v2\/media?parent=158"}],"curies":[{"name":"wp","href":"https:\/\/api.w.org\/{rel}","templated":true}]}}